{"id":3528,"date":"2018-03-06T10:19:50","date_gmt":"2018-03-06T10:19:50","guid":{"rendered":"https:\/\/alistfinance.ch\/about-us\/"},"modified":"2020-02-20T00:16:51","modified_gmt":"2020-02-20T00:16:51","slug":"om-oss","status":"publish","type":"page","link":"https:\/\/alistfinance.ch\/no\/om-oss\/","title":{"rendered":"Om oss"},"content":{"rendered":"<div class=\"wpb-content-wrapper\">[vc_row][vc_column width=&raquo;1\/2&#8243; css=&raquo;.vc_custom_1524482790639{padding-right: 12% !important;}&raquo;][gt3_spacing height=&raquo;25px&raquo; responsive_es=&raquo;true&raquo; height_mobile=&raquo;30&#8243;][vc_text_separator title=&raquo;OM OSS&raquo; title_align=&raquo;separator_align_right&raquo; align=&raquo;align_left&raquo; color=&raquo;custom&raquo; el_width=&raquo;40&#8243; text_separator_custom_color=&raquo;yes&raquo; text_separator_custom_color_value=&raquo;#565b7a&raquo; accent_color=&raquo;#5dbafc&raquo;][gt3_spacing height=&raquo;6px&raquo;][vc_column_text]\n<h2>Om <strong>oss<\/strong><\/h2>\n[\/vc_column_text][gt3_spacing height=&raquo;24px&raquo;][gt3_custom_text text_color=&raquo;#777b93&#8243; font_size=&raquo;16&#8243; line_height=&raquo;190&#8243;]Vi driver med \u00e5 f\u00f8re regnskap og skatterapportering i Z\u00fcrich, Zug, Geneva og Lugano. Vi vil hjelpe deg med \u00e5 l\u00f8se nesten alle regnskapsmessige problemer, enten det handler om utarbeidelse av skattemeldinger, \u00e5rsrapporter eller full regnskapsst\u00f8tte til og med gjenoppretting av regnskapet i tr\u00f8bbel.<br \/>\nVi garanterer \u00e5 levere en individuell tiln\u00e6rming til hver kunde og tilpasse oss dine behov. Geografisk ligger v\u00e5re kunder i Sveits, Norge, Italia, Finland, Estland og Russland.<br \/>\nVi gleder oss til et hyggelig samarbeid med deg![\/gt3_custom_text][gt3_spacing height=&raquo;55px&raquo;][\/vc_column][vc_column width=&raquo;1\/2&#8243;][gt3_spacing height=&raquo;25px&raquo; responsive_es=&raquo;true&raquo; height_mobile=&raquo;30&#8243;][vc_single_image image=&raquo;3928&#8243; img_size=&raquo;full&raquo;][gt3_spacing height=&raquo;55px&raquo;][\/vc_column][\/vc_row]\n<\/div>","protected":false},"excerpt":{"rendered":"<p>[vc_row][vc_column width=&raquo;1\/2&#8243; css=&raquo;.vc_custom_1524482790639{padding-right: 12% !important;}&raquo;][gt3_spacing height=&raquo;25px&raquo; responsive_es=&raquo;true&raquo; height_mobile=&raquo;30&#8243;][vc_text_separator title=&raquo;OM OSS&raquo; title_align=&raquo;separator_align_right&raquo; align=&raquo;align_left&raquo; color=&raquo;custom&raquo; el_width=&raquo;40&#8243; text_separator_custom_color=&raquo;yes&raquo; text_separator_custom_color_value=&raquo;#565b7a&raquo; accent_color=&raquo;#5dbafc&raquo;][gt3_spacing height=&raquo;6px&raquo;][vc_column_text] Om oss [\/vc_column_text][gt3_spacing height=&raquo;24px&raquo;][gt3_custom_text text_color=&raquo;#777b93&#8243; font_size=&raquo;16&#8243; line_height=&raquo;190&#8243;]Vi driver med \u00e5 f\u00f8re regnskap og skatterapportering i Z\u00fcrich, Zug, Geneva og Lugano. Vi vil hjelpe deg med \u00e5 l\u00f8se nesten alle regnskapsmessige problemer, enten det handler om utarbeidelse av [&hellip;]<\/p>\n","protected":false},"author":1,"featured_media":0,"parent":0,"menu_order":0,"comment_status":"closed","ping_status":"closed","template":"","meta":{"footnotes":""},"_links":{"self":[{"href":"https:\/\/alistfinance.ch\/no\/wp-json\/wp\/v2\/pages\/3528"}],"collection":[{"href":"https:\/\/alistfinance.ch\/no\/wp-json\/wp\/v2\/pages"}],"about":[{"href":"https:\/\/alistfinance.ch\/no\/wp-json\/wp\/v2\/types\/page"}],"author":[{"embeddable":true,"href":"https:\/\/alistfinance.ch\/no\/wp-json\/wp\/v2\/users\/1"}],"replies":[{"embeddable":true,"href":"https:\/\/alistfinance.ch\/no\/wp-json\/wp\/v2\/comments?post=3528"}],"version-history":[{"count":5,"href":"https:\/\/alistfinance.ch\/no\/wp-json\/wp\/v2\/pages\/3528\/revisions"}],"predecessor-version":[{"id":3950,"href":"https:\/\/alistfinance.ch\/no\/wp-json\/wp\/v2\/pages\/3528\/revisions\/3950"}],"wp:attachment":[{"href":"https:\/\/alistfinance.ch\/no\/wp-json\/wp\/v2\/media?parent=3528"}],"curies":[{"name":"wp","href":"https:\/\/api.w.org\/{rel}","templated":true}]}}